{"id":2499,"date":"2014-09-08T22:24:38","date_gmt":"2014-09-08T21:24:38","guid":{"rendered":"https:\/\/beufa.net\/?page_id=2499"},"modified":"2020-08-06T09:48:49","modified_gmt":"2020-08-06T08:48:49","slug":"vpn-bgp-mpls","status":"publish","type":"page","link":"https:\/\/beufa.net\/fr\/achievements\/vpn-bgp-mpls\/","title":{"rendered":"VPN BGP-MPLS"},"content":{"rendered":"<p>Un mini-site web, en Fran\u00e7ais, r\u00e9alis\u00e9 en 2007 lors de ma formation \u00e0 TELECOM Lille. Ce site web a \u00e9t\u00e9 cr\u00e9\u00e9 afin d'expliquer le fonctionnement des VPN \u00e0 base de BGP MPLS, pendant mon option R\u00e9seaux.<\/p>\n\n\n\n<p><a rel=\"noreferrer noopener\" href=\"http:\/\/www.brimbelle.org\/mattieu\/projects\/bgpmpls\/index.htm\" target=\"_blank\">Aller sur le site<\/a><\/p>","protected":false},"excerpt":{"rendered":"<p>A website, in French, done in 2007, during my training in TELECOM Lille. This website was built to explain how works VPN using BGP MPLS&#8230;<\/p>\n<div class=\"more-link-wrapper\"><a class=\"more-link\" href=\"https:\/\/beufa.net\/fr\/achievements\/vpn-bgp-mpls\/\">Continue reading<span class=\"screen-reader-text\">VPN BGP-MPLS<\/span><\/a><\/div>","protected":false},"author":1,"featured_media":0,"parent":13,"menu_order":3,"comment_status":"open","ping_status":"open","template":"","meta":{"footnotes":""},"class_list":["post-2499","page","type-page","status-publish","hentry","entry"],"_links":{"self":[{"href":"https:\/\/beufa.net\/fr\/wp-json\/wp\/v2\/pages\/2499","targetHints":{"allow":["GET"]}}],"collection":[{"href":"https:\/\/beufa.net\/fr\/wp-json\/wp\/v2\/pages"}],"about":[{"href":"https:\/\/beufa.net\/fr\/wp-json\/wp\/v2\/types\/page"}],"author":[{"embeddable":true,"href":"https:\/\/beufa.net\/fr\/wp-json\/wp\/v2\/users\/1"}],"replies":[{"embeddable":true,"href":"https:\/\/beufa.net\/fr\/wp-json\/wp\/v2\/comments?post=2499"}],"version-history":[{"count":2,"href":"https:\/\/beufa.net\/fr\/wp-json\/wp\/v2\/pages\/2499\/revisions"}],"predecessor-version":[{"id":2693,"href":"https:\/\/beufa.net\/fr\/wp-json\/wp\/v2\/pages\/2499\/revisions\/2693"}],"up":[{"embeddable":true,"href":"https:\/\/beufa.net\/fr\/wp-json\/wp\/v2\/pages\/13"}],"wp:attachment":[{"href":"https:\/\/beufa.net\/fr\/wp-json\/wp\/v2\/media?parent=2499"}],"curies":[{"name":"wp","href":"https:\/\/api.w.org\/{rel}","templated":true}]}}