{"id":2,"date":"2014-08-18T19:25:31","date_gmt":"2014-08-18T19:25:31","guid":{"rendered":"https:\/\/beufa.net\/wordpress\/?page_id=2"},"modified":"2020-08-19T16:01:59","modified_gmt":"2020-08-19T15:01:59","slug":"home","status":"publish","type":"page","link":"https:\/\/beufa.net\/fr\/","title":{"rendered":"Welcome on my personal website !"},"content":{"rendered":"<p>Je suis ing\u00e9nieur dipl\u00f4m\u00e9 de <a rel=\"noreferrer noopener\" href=\"http:\/\/www.telecom-lille.fr\/\" target=\"_blank\">TELECOM Lille1<\/a> (d\u00e9sormais <a href=\"http:\/\/imt-lille-douai.fr\/\" target=\"_blank\" rel=\"noreferrer noopener\">IMT Lille Douai<\/a>), et mes exp\u00e9riences m'ont amen\u00e9es \u00e0 me sp\u00e9cialiser dans les domaines du r\u00e9seau et de la s\u00e9curit\u00e9.<\/p>\n\n\n\n<div class=\"wp-block-image is-style-default\"><figure class=\"aligncenter is-resized\"><img loading=\"lazy\" decoding=\"async\" src=\"https:\/\/beufa.net\/wp-content\/uploads\/2014\/08\/very_old_computer.jpg\" alt=\"header computer network\" class=\"wp-image-6\" width=\"400\" height=\"330\"\/><\/figure><\/div>\n\n\n\n<p>Passionn\u00e9 par les nouvelles technologies, la technique et l'open source, j'essaie de mettre \u00e0 jour ce site, le plus souvent possible, pour partager certains de mes travaux, r\u00e9flexions et d\u00e9couvertes techniques. N'h\u00e9sitez pas \u00e0 commenter les articles de blog.<\/p>\n\n\n\n<p>Vous pouvez \u00e9galement me contacter par la page d\u00e9di\u00e9e.<\/p>\n\n\n\n<blockquote class=\"wp-block-quote is-layout-flow wp-block-quote-is-layout-flow\"><p>Attention<\/p><cite>Le contenu de ce site, bien s\u00fbr, n'engage que moi et en aucun cas mes employeurs pass\u00e9s, actuels ou futurs.<\/cite><\/blockquote>","protected":false},"excerpt":{"rendered":"<p>I am a graduate engineer from TELECOM Lille1 (now called IMT Lille Douai), and my various experiences led me to specialize in the fields of&#8230;<\/p>\n<div class=\"more-link-wrapper\"><a class=\"more-link\" href=\"https:\/\/beufa.net\/fr\/\">Continue reading<span class=\"screen-reader-text\">Welcome on my personal website !<\/span><\/a><\/div>","protected":false},"author":1,"featured_media":0,"parent":0,"menu_order":0,"comment_status":"open","ping_status":"open","template":"","meta":{"footnotes":""},"class_list":["post-2","page","type-page","status-publish","hentry","entry"],"_links":{"self":[{"href":"https:\/\/beufa.net\/fr\/wp-json\/wp\/v2\/pages\/2","targetHints":{"allow":["GET"]}}],"collection":[{"href":"https:\/\/beufa.net\/fr\/wp-json\/wp\/v2\/pages"}],"about":[{"href":"https:\/\/beufa.net\/fr\/wp-json\/wp\/v2\/types\/page"}],"author":[{"embeddable":true,"href":"https:\/\/beufa.net\/fr\/wp-json\/wp\/v2\/users\/1"}],"replies":[{"embeddable":true,"href":"https:\/\/beufa.net\/fr\/wp-json\/wp\/v2\/comments?post=2"}],"version-history":[{"count":21,"href":"https:\/\/beufa.net\/fr\/wp-json\/wp\/v2\/pages\/2\/revisions"}],"predecessor-version":[{"id":2706,"href":"https:\/\/beufa.net\/fr\/wp-json\/wp\/v2\/pages\/2\/revisions\/2706"}],"wp:attachment":[{"href":"https:\/\/beufa.net\/fr\/wp-json\/wp\/v2\/media?parent=2"}],"curies":[{"name":"wp","href":"https:\/\/api.w.org\/{rel}","templated":true}]}}