{"id":15,"date":"2014-08-18T21:12:23","date_gmt":"2014-08-18T20:12:23","guid":{"rendered":"https:\/\/beufa.net\/wordpress\/?page_id=15"},"modified":"2020-08-06T09:55:36","modified_gmt":"2020-08-06T08:55:36","slug":"2010-hacker-croll-le-monde","status":"publish","type":"page","link":"https:\/\/beufa.net\/fr\/achievements\/2010-hacker-croll-le-monde\/","title":{"rendered":"Article sur Hacker Croll"},"content":{"rendered":"<h2 class=\"wp-block-heading\">Hacker Croll, de l'ing\u00e9nierie sociale \u00e0 la question secr\u00e8te<\/h2>\n\n\n\n<p>Publication r\u00e9alis\u00e9e en 2010 pour le compte de NETASQ, mon ancien employeur. Cette publication visait \u00e0 vulgariser les techniques simples utilis\u00e9es par Hacker Croll lors des intrusions perp\u00e9tr\u00e9es sur l'interface d'admin Twitter et des cons\u00e9quences de ces intrusions.<\/p>\n\n\n\n<div class=\"wp-block-image\"><figure class=\"aligncenter\"><a href=\"https:\/\/beufa.net\/wp-content\/uploads\/2014\/08\/pm-twitter-tweets-300x225.jpg\"><img loading=\"lazy\" decoding=\"async\" width=\"300\" height=\"225\" src=\"https:\/\/beufa.net\/wp-content\/uploads\/2014\/08\/pm-twitter-tweets-300x225.jpg\" alt=\"\" class=\"wp-image-16\"\/><\/a><\/figure><\/div>\n\n\n\n<p>Lire sur \"Le Monde\" : <a rel=\"noreferrer noopener\" href=\"http:\/\/www.lemonde.fr\/idees\/chronique\/2010\/05\/12\/hacker-croll-de-l-ingenierie-sociale-a-la-question-secrete_1350033_3232.html\" target=\"_blank\">Hacker Croll, de l\u2019ing\u00e9nierie sociale \u00e0 la question secr\u00e8te ?<\/a><\/p>","protected":false},"excerpt":{"rendered":"<p>Hacker Croll, from social engineering to the secret question French publication written in 2010 on behalf of NETASQ, my former employer. This publication aimed to&#8230;<\/p>\n<div class=\"more-link-wrapper\"><a class=\"more-link\" href=\"https:\/\/beufa.net\/fr\/achievements\/2010-hacker-croll-le-monde\/\">Continue reading<span class=\"screen-reader-text\">Article sur Hacker Croll<\/span><\/a><\/div>","protected":false},"author":1,"featured_media":30,"parent":13,"menu_order":0,"comment_status":"closed","ping_status":"closed","template":"","meta":{"footnotes":""},"class_list":["post-15","page","type-page","status-publish","has-post-thumbnail","hentry","entry"],"_links":{"self":[{"href":"https:\/\/beufa.net\/fr\/wp-json\/wp\/v2\/pages\/15","targetHints":{"allow":["GET"]}}],"collection":[{"href":"https:\/\/beufa.net\/fr\/wp-json\/wp\/v2\/pages"}],"about":[{"href":"https:\/\/beufa.net\/fr\/wp-json\/wp\/v2\/types\/page"}],"author":[{"embeddable":true,"href":"https:\/\/beufa.net\/fr\/wp-json\/wp\/v2\/users\/1"}],"replies":[{"embeddable":true,"href":"https:\/\/beufa.net\/fr\/wp-json\/wp\/v2\/comments?post=15"}],"version-history":[{"count":7,"href":"https:\/\/beufa.net\/fr\/wp-json\/wp\/v2\/pages\/15\/revisions"}],"predecessor-version":[{"id":2696,"href":"https:\/\/beufa.net\/fr\/wp-json\/wp\/v2\/pages\/15\/revisions\/2696"}],"up":[{"embeddable":true,"href":"https:\/\/beufa.net\/fr\/wp-json\/wp\/v2\/pages\/13"}],"wp:featuredmedia":[{"embeddable":true,"href":"https:\/\/beufa.net\/fr\/wp-json\/wp\/v2\/media\/30"}],"wp:attachment":[{"href":"https:\/\/beufa.net\/fr\/wp-json\/wp\/v2\/media?parent=15"}],"curies":[{"name":"wp","href":"https:\/\/api.w.org\/{rel}","templated":true}]}}